{"id":146,"date":"2024-10-25T00:09:43","date_gmt":"2024-10-24T22:09:43","guid":{"rendered":"https:\/\/con-tho.de\/?page_id=146"},"modified":"2025-06-06T21:17:49","modified_gmt":"2025-06-06T19:17:49","slug":"impressum","status":"publish","type":"page","link":"https:\/\/con-tho.de\/en\/impressum\/","title":{"rendered":"Impressum"},"content":{"rendered":"<p><a href=\"\/startseite\/\"><img decoding=\"async\" src=\"\/wp-content\/uploads\/2024\/10\/ConTho-Logo.svg\" alt=\"Con Tho-Logo\"><\/a><\/p>\n<ul>\n<li>\n        <a href=\"\/startseite\/\">START<\/a>\n    <\/li>\n<li>\n        <a href=\"\/impressionen\/\">IMPRESSIONEN<\/a>\n    <\/li>\n<li>\n        <a href=\"\/kontakt\/\">KONTAKT<\/a>\n    <\/li>\n<\/ul>\n<h1>Impressum<\/h1>\n<div>\n<h3>Angaben gem\u00e4\u00df \u00a7 5 TMG:<\/h3>\n<p>con tho house UG<br \/>eingetragen beim Amtsgericht Charlottenburg, HRB 233.652 B<br \/>Gesch\u00e4ftsf\u00fchrer: Mai Huy Thong Tran<br \/>Hasenheide 16<br \/>D-<span>10967 Berlin<\/span><\/p>\n<h3>Kontakt:<\/h3>\n<p>Telefon: 030 22456122<br \/>E-Mail: info@con-tho.de<\/p>\n<h3>Umsatzsteuer:<\/h3>\n<p>Umsatzsteuer-Identifikationsnummer gem\u00e4\u00df \u00a727 a Umsatzsteuergesetz:<br \/>DE348005082<\/p>\n<h3>Streitschlichtung<\/h3>\n<p>Die Europ\u00e4ische Kommission stellt eine Plattform zur Online-Streitbeilegung (OS) bereit:<span>\u00a0<\/span><a href=\"https:\/\/ec.europa.eu\/consumers\/odr\" target=\"_blank\" rel=\"noopener\">https:\/\/ec.europa.eu\/consumers\/odr<\/a><br \/>Unsere E-Mail-Adresse finden Sie oben im Impressum.<\/p>\n<p>Wir sind nicht bereit oder verpflichtet, an Streitbeilegungsverfahren vor einer Verbraucherschlichtungsstelle teilzunehmen.<\/p>\n<h3>Haftung f\u00fcr Inhalte<\/h3>\n<p>Als Diensteanbieter sind wir gem\u00e4\u00df \u00a7 7 Abs.1 TMG f\u00fcr eigene Inhalte auf diesen Seiten nach den allgemeinen Gesetzen verantwortlich. Nach \u00a7\u00a7 8 bis 10 TMG sind wir als Diensteanbieter jedoch nicht verpflichtet, \u00fcbermittelte oder gespeicherte fremde Informationen zu \u00fcberwachen oder nach Umst\u00e4nden zu forschen, die auf eine rechtswidrige T\u00e4tigkeit hinweisen.<\/p>\n<p>Verpflichtungen zur Entfernung oder Sperrung der Nutzung von Informationen nach den allgemeinen Gesetzen bleiben hiervon unber\u00fchrt. Eine diesbez\u00fcgliche Haftung ist jedoch erst ab dem Zeitpunkt der Kenntnis einer konkreten Rechtsverletzung m\u00f6glich. Bei Bekanntwerden von entsprechenden Rechtsverletzungen werden wir diese Inhalte umgehend entfernen.<\/p>\n<h3>Haftung f\u00fcr Links<\/h3>\n<p>Unser Angebot enth\u00e4lt Links zu externen Websites Dritter, auf deren Inhalte wir keinen Einfluss haben. Deshalb k\u00f6nnen wir f\u00fcr diese fremden Inhalte auch keine Gew\u00e4hr \u00fcbernehmen. F\u00fcr die Inhalte der verlinkten Seiten ist stets der jeweilige Anbieter oder Betreiber der Seiten verantwortlich. Die verlinkten Seiten wurden zum Zeitpunkt der Verlinkung auf m\u00f6gliche Rechtsverst\u00f6\u00dfe \u00fcberpr\u00fcft. Rechtswidrige Inhalte waren zum Zeitpunkt der Verlinkung nicht erkennbar.<\/p>\n<p>Eine permanente inhaltliche Kontrolle der verlinkten Seiten ist jedoch ohne konkrete Anhaltspunkte einer Rechtsverletzung nicht zumutbar. Bei Bekanntwerden von Rechtsverletzungen werden wir derartige Links umgehend entfernen.<\/p>\n<h3>Urheberrecht<\/h3>\n<p>Die durch die Seitenbetreiber erstellten Inhalte und Werke auf diesen Seiten unterliegen dem deutschen Urheberrecht. Die Vervielf\u00e4ltigung, Bearbeitung, Verbreitung und jede Art der Verwertung au\u00dferhalb der Grenzen des Urheberrechtes bed\u00fcrfen der schriftlichen Zustimmung des jeweiligen Autors bzw. Erstellers. Downloads und Kopien dieser Seite sind nur f\u00fcr den privaten, nicht kommerziellen Gebrauch gestattet.<\/p>\n<p>Soweit die Inhalte auf dieser Seite nicht vom Betreiber erstellt wurden, werden die Urheberrechte Dritter beachtet. Insbesondere werden Inhalte Dritter als solche gekennzeichnet. Sollten Sie trotzdem auf eine Urheberrechtsverletzung aufmerksam werden, bitten wir um einen entsprechenden Hinweis. Bei Bekanntwerden von Rechtsverletzungen werden wir derartige Inhalte umgehend entfernen.<\/p>\n<p>Quelle:<span>\u00a0<\/span><a href=\"https:\/\/www.e-recht24.de\/\">e-recht24.de<\/a><\/p>\n<h4>Verantwortlich f\u00fcr die Planung, Realisierung und Betreuung der Webseiteninhalte ist:<\/h4>\n<p>Mai Huy Thong Tran<br \/>Internet:<span>\u00a0<\/span><a href=\"https:\/\/nakuo-design.de\/\" target=\"_blank\" rel=\"noopener\">www.nakuo-design.de<\/a><\/p>\n<h4>Verantwortlich f\u00fcr Webdesign und Programmierung dieser Internetseite:<\/h4>\n<p>Unkreativ Design \u2013 Sascha Grabau<br \/>Telefon: 0163 260 6166<br \/>Internet:<span>\u00a0<\/span><a href=\"https:\/\/unkreativ-design.de\/\" target=\"_blank\" rel=\"noopener\">www.unkreativ-design.de<\/a><\/p>\n<\/div>\n<p><!--more--><br \/>\n<!-- {\"type\":\"layout\",\"children\":[{\"type\":\"section\",\"props\":{\"image_position\":\"center-center\",\"style\":\"default\",\"title_breakpoint\":\"xl\",\"title_position\":\"top-left\",\"title_rotation\":\"left\",\"vertical_align\":\"middle\",\"width\":\"default\"},\"children\":[{\"type\":\"row\",\"children\":[{\"type\":\"column\",\"props\":{\"image_position\":\"center-center\",\"position_sticky_breakpoint\":\"m\"},\"children\":[{\"type\":\"image\",\"props\":{\"image\":\"wp-content\\\/uploads\\\/2024\\\/10\\\/ConTho-Logo.svg\",\"image_alt\":\"Con Tho-Logo\",\"image_svg_color\":\"emphasis\",\"image_width\":220,\"link\":\"startseite\\\/\",\"margin\":\"default\",\"text_align\":\"center\"}},{\"type\":\"subnav\",\"props\":{\"css\":\".el-link {\\ncolor:#5a544a;\\n}\",\"margin\":\"medium\",\"text_align\":\"center\",\"visibility\":\"m\"},\"children\":[{\"type\":\"subnav_item\",\"props\":{\"content\":\"START\",\"content_en_us\":\"START\",\"link\":\"startseite\\\/\",\"link_en_us\":\"en\\\/startseite\\\/\"}},{\"type\":\"subnav_item\",\"props\":{\"content\":\"SPEISEKARTE\",\"content_en_us\":\"MENU\",\"link\":\"https:\\\/\\\/www.speisekarte.de\\\/berlin\\\/restaurant\\\/con_tho\\\/speisekarte\",\"status\":\"disabled\"}},{\"type\":\"subnav_item\",\"props\":{\"content\":\"IMPRESSIONEN\",\"content_en_us\":\"IMPRESSIONS\",\"link\":\"impressionen\\\/\",\"link_en_us\":\"en\\\/impressionen\\\/\"}},{\"type\":\"subnav_item\",\"props\":{\"content\":\"GUTSCHEIN\",\"link\":\"#\",\"status\":\"disabled\"}},{\"type\":\"subnav_item\",\"props\":{\"content\":\"KONTAKT\",\"content_en_us\":\"CONTACT\",\"link\":\"kontakt\\\/\",\"link_en_us\":\"en\\\/kontakt\\\/\"}}]}]}]}],\"name\":\"Logo + menu\"},{\"type\":\"section\",\"props\":{\"image_position\":\"center-center\",\"style\":\"default\",\"title_breakpoint\":\"xl\",\"title_position\":\"top-left\",\"title_rotation\":\"left\",\"vertical_align\":\"middle\",\"width\":\"default\"},\"children\":[{\"type\":\"row\",\"children\":[{\"type\":\"column\",\"props\":{\"image_position\":\"center-center\",\"position_sticky_breakpoint\":\"m\"},\"children\":[{\"type\":\"headline\",\"props\":{\"content\":\"Impressum\",\"title_element\":\"h1\"}},{\"type\":\"text\",\"props\":{\"column_breakpoint\":\"m\",\"content\":\"\n\n<h3>Angaben gem\\u00e4\\u00df \\u00a7 5 TMG:<\\\/h3>\\n\n\n<p>con tho house UG<br \\\/>eingetragen beim Amtsgericht Charlottenburg, HRB 233.652 B<br \\\/>Gesch\\u00e4ftsf\\u00fchrer: Mai Huy Thong Tran<br \\\/>Hasenheide 16<br \\\/>D-<span>10967 Berlin<\\\/span><\\\/p>\\n\n\n<h3>Kontakt:<\\\/h3>\\n\n\n<p>Telefon: 030 22456122<br \\\/>E-Mail: info@con-tho.de<\\\/p>\\n\n\n<h3>Umsatzsteuer:<\\\/h3>\\n\n\n<p>Umsatzsteuer-Identifikationsnummer gem\\u00e4\\u00df \\u00a727 a Umsatzsteuergesetz:<br \\\/>DE348005082<\\\/p>\\n\n\n<h3>Streitschlichtung<\\\/h3>\\n\n\n<p>Die Europ\\u00e4ische Kommission stellt eine Plattform zur Online-Streitbeilegung (OS) bereit:<span>\\u00a0<\\\/span><a href=\\\"https:\\\/\\\/ec.europa.eu\\\/consumers\\\/odr\\\" target=\\\"_blank\\\" rel=\\\"noopener\\\">https:\\\/\\\/ec.europa.eu\\\/consumers\\\/odr<\\\/a><br \\\/>Unsere E-Mail-Adresse finden Sie oben im Impressum.<\\\/p>\\n\n\n<p>Wir sind nicht bereit oder verpflichtet, an Streitbeilegungsverfahren vor einer Verbraucherschlichtungsstelle teilzunehmen.<\\\/p>\\n\n\n<h3>Haftung f\\u00fcr Inhalte<\\\/h3>\\n\n\n<p>Als Diensteanbieter sind wir gem\\u00e4\\u00df \\u00a7 7 Abs.1 TMG f\\u00fcr eigene Inhalte auf diesen Seiten nach den allgemeinen Gesetzen verantwortlich. Nach \\u00a7\\u00a7 8 bis 10 TMG sind wir als Diensteanbieter jedoch nicht verpflichtet, \\u00fcbermittelte oder gespeicherte fremde Informationen zu \\u00fcberwachen oder nach Umst\\u00e4nden zu forschen, die auf eine rechtswidrige T\\u00e4tigkeit hinweisen.<\\\/p>\\n\n\n<p>Verpflichtungen zur Entfernung oder Sperrung der Nutzung von Informationen nach den allgemeinen Gesetzen bleiben hiervon unber\\u00fchrt. Eine diesbez\\u00fcgliche Haftung ist jedoch erst ab dem Zeitpunkt der Kenntnis einer konkreten Rechtsverletzung m\\u00f6glich. Bei Bekanntwerden von entsprechenden Rechtsverletzungen werden wir diese Inhalte umgehend entfernen.<\\\/p>\\n\n\n<h3>Haftung f\\u00fcr Links<\\\/h3>\\n\n\n<p>Unser Angebot enth\\u00e4lt Links zu externen Websites Dritter, auf deren Inhalte wir keinen Einfluss haben. Deshalb k\\u00f6nnen wir f\\u00fcr diese fremden Inhalte auch keine Gew\\u00e4hr \\u00fcbernehmen. F\\u00fcr die Inhalte der verlinkten Seiten ist stets der jeweilige Anbieter oder Betreiber der Seiten verantwortlich. Die verlinkten Seiten wurden zum Zeitpunkt der Verlinkung auf m\\u00f6gliche Rechtsverst\\u00f6\\u00dfe \\u00fcberpr\\u00fcft. Rechtswidrige Inhalte waren zum Zeitpunkt der Verlinkung nicht erkennbar.<\\\/p>\\n\n\n<p>Eine permanente inhaltliche Kontrolle der verlinkten Seiten ist jedoch ohne konkrete Anhaltspunkte einer Rechtsverletzung nicht zumutbar. Bei Bekanntwerden von Rechtsverletzungen werden wir derartige Links umgehend entfernen.<\\\/p>\\n\n\n<h3>Urheberrecht<\\\/h3>\\n\n\n<p>Die durch die Seitenbetreiber erstellten Inhalte und Werke auf diesen Seiten unterliegen dem deutschen Urheberrecht. Die Vervielf\\u00e4ltigung, Bearbeitung, Verbreitung und jede Art der Verwertung au\\u00dferhalb der Grenzen des Urheberrechtes bed\\u00fcrfen der schriftlichen Zustimmung des jeweiligen Autors bzw. Erstellers. Downloads und Kopien dieser Seite sind nur f\\u00fcr den privaten, nicht kommerziellen Gebrauch gestattet.<\\\/p>\\n\n\n<p>Soweit die Inhalte auf dieser Seite nicht vom Betreiber erstellt wurden, werden die Urheberrechte Dritter beachtet. Insbesondere werden Inhalte Dritter als solche gekennzeichnet. Sollten Sie trotzdem auf eine Urheberrechtsverletzung aufmerksam werden, bitten wir um einen entsprechenden Hinweis. Bei Bekanntwerden von Rechtsverletzungen werden wir derartige Inhalte umgehend entfernen.<\\\/p>\\n\n\n<p>Quelle:<span>\\u00a0<\\\/span><a href=\\\"https:\\\/\\\/www.e-recht24.de\\\/\\\">e-recht24.de<\\\/a><\\\/p>\\n\n\n<h4>Verantwortlich f\\u00fcr die Planung, Realisierung und Betreuung der Webseiteninhalte ist:<\\\/h4>\\n\n\n<p>Mai Huy Thong Tran<br \\\/>Internet:<span>\\u00a0<\\\/span><a href=\\\"https:\\\/\\\/nakuo-design.de\\\/\\\" target=\\\"_blank\\\" rel=\\\"noopener\\\">www.nakuo-design.de<\\\/a><\\\/p>\\n\n\n<h4>Verantwortlich f\\u00fcr Webdesign und Programmierung dieser Internetseite:<\\\/h4>\\n\n\n<p>Unkreativ Design \\u2013 Sascha Grabau<br \\\/>Telefon: 0163 260 6166<br \\\/>Internet:<span>\\u00a0<\\\/span><a href=\\\"https:\\\/\\\/unkreativ-design.de\\\/\\\" target=\\\"_blank\\\" rel=\\\"noopener\\\">www.unkreativ-design.de<\\\/a><\\\/p>\",\"margin\":\"default\"}}]}]}]}],\"version\":\"4.5.7\"} --><\/p>\n","protected":false},"excerpt":{"rendered":"<p>START IMPRESSIONEN KONTAKT Impressum Angaben gem\u00e4\u00df \u00a7 5 TMG: con tho house UGeingetragen beim Amtsgericht Charlottenburg, HRB 233.652 BGesch\u00e4ftsf\u00fchrer: Mai Huy Thong TranHasenheide 16D-10967 Berlin Kontakt: Telefon: 030 22456122E-Mail: info@con-tho.de Umsatzsteuer: Umsatzsteuer-Identifikationsnummer gem\u00e4\u00df \u00a727 a Umsatzsteuergesetz:DE348005082 Streitschlichtung Die Europ\u00e4ische Kommission stellt eine Plattform zur Online-Streitbeilegung (OS) bereit:\u00a0https:\/\/ec.europa.eu\/consumers\/odrUnsere E-Mail-Adresse finden Sie oben im Impressum. Wir sind [&hellip;]<\/p>\n","protected":false},"author":1,"featured_media":0,"parent":0,"menu_order":0,"comment_status":"closed","ping_status":"closed","template":"","meta":{"footnotes":""},"class_list":["post-146","page","type-page","status-publish","hentry"],"_links":{"self":[{"href":"https:\/\/con-tho.de\/en\/wp-json\/wp\/v2\/pages\/146","targetHints":{"allow":["GET"]}}],"collection":[{"href":"https:\/\/con-tho.de\/en\/wp-json\/wp\/v2\/pages"}],"about":[{"href":"https:\/\/con-tho.de\/en\/wp-json\/wp\/v2\/types\/page"}],"author":[{"embeddable":true,"href":"https:\/\/con-tho.de\/en\/wp-json\/wp\/v2\/users\/1"}],"replies":[{"embeddable":true,"href":"https:\/\/con-tho.de\/en\/wp-json\/wp\/v2\/comments?post=146"}],"version-history":[{"count":12,"href":"https:\/\/con-tho.de\/en\/wp-json\/wp\/v2\/pages\/146\/revisions"}],"predecessor-version":[{"id":465,"href":"https:\/\/con-tho.de\/en\/wp-json\/wp\/v2\/pages\/146\/revisions\/465"}],"wp:attachment":[{"href":"https:\/\/con-tho.de\/en\/wp-json\/wp\/v2\/media?parent=146"}],"curies":[{"name":"wp","href":"https:\/\/api.w.org\/{rel}","templated":true}]}}