{"id":196,"date":"2024-10-25T02:25:17","date_gmt":"2024-10-25T00:25:17","guid":{"rendered":"https:\/\/con-tho.de\/?page_id=196"},"modified":"2025-09-25T18:27:09","modified_gmt":"2025-09-25T16:27:09","slug":"impressionen","status":"publish","type":"page","link":"https:\/\/con-tho.de\/en\/impressionen\/","title":{"rendered":"Impressionen"},"content":{"rendered":"<p><a href=\"\/startseite\/\"><img decoding=\"async\" src=\"\/wp-content\/uploads\/2024\/10\/ConTho-Logo.svg\" alt=\"Con Tho-Logo\"><\/a><\/p>\n<div>\n<p>    <!-- Parent-Div f\u00fcr beide Buttons --><\/p>\n<div class=\"button-wrapper\">\n  <a class=\"uk-button start-button\" href=\"https:\/\/reservations.allo.restaurant\/de\/con-tho\" target=\"_blank\"><br \/>\n    Reservieren<br \/>\n  <\/a><\/p>\n<p>  <a class=\"uk-button bestell-button\" href=\"https:\/\/contho.online-karte.com\/contho\" target=\"_blank\"><br \/>\n    <svg width=\"25\" height=\"25\" viewBox=\"0 0 20 20\"><circle cx=\"7.3\" cy=\"17.3\" r=\"1.4\"><\/circle><circle cx=\"13.3\" cy=\"17.3\" r=\"1.4\"><\/circle><polyline fill=\"none\" stroke=\"#000\" points=\"0 2 3.2 4 5.3 12.5 16 12.5 18 6.5 8 6.5\"><\/polyline><\/svg> <span style=\"padding-left:5px;\">Bestellen<\/span><br \/>\n  <\/a>\n<\/div>\n<style>\n\/* --- Basis-Wrapper --- *\/\n.button-wrapper {\n  position: fixed;\n  bottom: 0;\n  left: 0;\n  width: 100%;\n  display: flex;\n  z-index: 999;\n}<\/p>\n<p>\/* --- Buttons Mobile (Standard) --- *\/\n.start-button, .bestell-button {\n  flex: 1; \/* je 50% *\/\n  font-family: Inconsolata;\n  display: flex;                \/* sorgt f\u00fcr zentrierten Text *\/\n  align-items: center;          \/* vertikal zentrieren *\/\n  justify-content: center;      \/* horizontal zentrieren *\/\n  padding: 10px 0; \n  font-size: 16px;\n  font-weight: 500;\n  background-color: #C4C37B;\n  color: #000;\n  border-top: solid 2px #000;\n  border-left: solid 0px #000;\n  cursor: pointer;\n  text-decoration: none;\n\tborder-radius:0px !important;\n\t}\t<\/p>\n<p>.start-button:first-child {\n  border-left: none; \/* linker Rand sauber *\/\n}<\/p>\n<p>\t.bestell-button {\n\t\tbackground: #f15000;\n\t\t    background: #ebc05c;\n    \/* color: #fff; *\/\n    border-left: solid 2px #000;\n}<\/p>\n<p>\/* --- Desktop Ansicht --- *\/\n@media only screen and (min-width: 670px) {\n  .button-wrapper {\n    top: 25px;\n    right: 25px;\n    bottom: unset;\n    left: unset;\n    width: auto;\n    display: flex;\n    gap: 10px;\n  }<\/p>\n<p>  .start-button, .bestell-button {\n\tpadding: 12px 0;\n    width: 170px;\n    height: 40px;\n    padding: 0;                  \/* kein Padding n\u00f6tig, Flexbox regelt *\/\n    font-size: 16px;\n    border: solid 2px #000 !important;\n    border-radius: 55px !important;\n    transition: 0.3s ease-in-out;\n  }<\/p>\n<p>  .start-button:hover, .bestell-button:hover {\n    transform: scale(1.07);\n\t  color:#000;\n  }\n}<\/p>\n<\/style>\n<\/div>\n<ul>\n<li>\n        <a href=\"\/startseite\/\">START<\/a>\n    <\/li>\n<li>\n        <a href=\"\/impressionen\/\">IMPRESSIONEN<\/a>\n    <\/li>\n<li>\n        <a href=\"\/kontakt\/\">KONTAKT<\/a>\n    <\/li>\n<\/ul>\n<h2>Impressionen<\/h2>\n<div>\n<p>Hier finden Sie eine bunte Auswahl an Eindr\u00fccken unserer R\u00e4umlichkeiten. Genie\u00dfen Sie unsere Speisen und Getr\u00e4nke entweder in- oder outdoor.<\/p>\n<\/div>\n<ul>\n<li>\n<p>        <img decoding=\"async\" src=\"\/wp-content\/uploads\/2024\/10\/76638822_1002645986751191_5729202097568612352_n.jpg\" alt=\"\"><\/p>\n<h2>76638822_1002645986751191_5729202097568612352_n<\/h2>\n<\/li>\n<li>\n<p>        <img decoding=\"async\" src=\"\/wp-content\/uploads\/2024\/10\/83621482_1069097950105994_6333333808036708352_n.jpg\" alt=\"\"><\/p>\n<h2>83621482_1069097950105994_6333333808036708352_n<\/h2>\n<\/li>\n<li>\n<p>        <img decoding=\"async\" src=\"\/wp-content\/uploads\/2024\/10\/71340475_950521325296991_2961166855789608960_n.jpg\" alt=\"\"><\/p>\n<h2>71340475_950521325296991_2961166855789608960_n<\/h2>\n<\/li>\n<li>\n<p>        <img decoding=\"async\" src=\"\/wp-content\/uploads\/2024\/10\/18010407_444415999240862_3393566960306539802_n.jpg\" alt=\"\"><\/p>\n<h2>18010407_444415999240862_3393566960306539802_n<\/h2>\n<\/li>\n<li>\n<p>        <img decoding=\"async\" src=\"\/wp-content\/uploads\/2024\/10\/22048032_517761198573008_7247921866390332642_o.jpg\" alt=\"\"><\/p>\n<h2>22048032_517761198573008_7247921866390332642_o<\/h2>\n<\/li>\n<li>\n<p>        <img decoding=\"async\" src=\"\/wp-content\/uploads\/2024\/10\/con-tho-restaurant-berlin-einrichtung-5.jpg\" alt=\"\"><\/p>\n<h2>con-tho-restaurant-berlin-einrichtung-5<\/h2>\n<\/li>\n<li>\n<p>        <img decoding=\"async\" src=\"\/wp-content\/uploads\/2024\/10\/Con_Tho_Foto_visumate_DL_PPT_0.jpg.webp\" alt=\"\"><\/p>\n<h2>Con_Tho_Foto_visumate_DL_PPT_0.jpg<\/h2>\n<\/li>\n<li>\n<p>        <img decoding=\"async\" src=\"\/wp-content\/uploads\/2024\/10\/437553507_884325560371738_8763412767929931877_n.jpg\" alt=\"\"><\/p>\n<h2>437553507_884325560371738_8763412767929931877_n<\/h2>\n<\/li>\n<li>\n<p>        <img decoding=\"async\" src=\"\/wp-content\/uploads\/2024\/10\/20525307_493861920962936_3975504735139887498_n.jpg\" alt=\"\"><\/p>\n<h2>20525307_493861920962936_3975504735139887498_n<\/h2>\n<\/li>\n<li>\n<p>        <img decoding=\"async\" src=\"\/wp-content\/uploads\/2024\/10\/20729207_497317157284079_3653942479097244288_n.jpg\" alt=\"\"><\/p>\n<h2>20729207_497317157284079_3653942479097244288_n<\/h2>\n<\/li>\n<li>\n<p>        <img decoding=\"async\" src=\"\/wp-content\/uploads\/2024\/10\/23561476_538181336530994_7692782552939313620_n.jpg\" alt=\"\"><\/p>\n<h2>23561476_538181336530994_7692782552939313620_n<\/h2>\n<\/li>\n<li>\n<p>        <img decoding=\"async\" src=\"\/wp-content\/uploads\/2024\/10\/41983113_722030664812726_2569629858900475904_n.jpg\" alt=\"\"><\/p>\n<h2>41983113_722030664812726_2569629858900475904_n<\/h2>\n<\/li>\n<li>\n<p>        <img decoding=\"async\" src=\"\/wp-content\/uploads\/2024\/10\/48382003_773818992967226_3349321570228109312_n.jpg\" alt=\"\"><\/p>\n<h2>48382003_773818992967226_3349321570228109312_n<\/h2>\n<\/li>\n<li>\n<p>        <img decoding=\"async\" src=\"\/wp-content\/uploads\/2024\/10\/50524938_795766717439120_5317907813031215104_n.jpg\" alt=\"\"><\/p>\n<h2>50524938_795766717439120_5317907813031215104_n<\/h2>\n<\/li>\n<li>\n<p>        <img decoding=\"async\" src=\"\/wp-content\/uploads\/2024\/10\/52601866_816249775390814_1366913744709353472_n.jpg\" alt=\"\"><\/p>\n<h2>52601866_816249775390814_1366913744709353472_n<\/h2>\n<\/li>\n<li>\n<p>        <img decoding=\"async\" src=\"\/wp-content\/uploads\/2024\/10\/53836717_826164711065987_7952738178882863104_n.jpg\" alt=\"\"><\/p>\n<h2>53836717_826164711065987_7952738178882863104_n<\/h2>\n<\/li>\n<li>\n<p>        <img decoding=\"async\" src=\"\/wp-content\/uploads\/2024\/10\/57358200_850762631939528_5006484123854831616_n.jpg\" alt=\"\"><\/p>\n<h2>57358200_850762631939528_5006484123854831616_n<\/h2>\n<\/li>\n<li>\n<p>        <img decoding=\"async\" src=\"\/wp-content\/uploads\/2024\/10\/68758147_936396046709519_2690271697788993536_n.jpg\" alt=\"\"><\/p>\n<h2>68758147_936396046709519_2690271697788993536_n<\/h2>\n<\/li>\n<li>\n<p>        <img decoding=\"async\" src=\"\/wp-content\/uploads\/2024\/10\/69134995_935045383511252_4262792128322600960_n.jpg\" alt=\"\"><\/p>\n<h2>69134995_935045383511252_4262792128322600960_n<\/h2>\n<\/li>\n<li>\n<p>        <img decoding=\"async\" src=\"\/wp-content\/uploads\/2024\/10\/69585549_938504879831969_4211801520670244864_n-1.jpg\" alt=\"\"><\/p>\n<h2>69585549_938504879831969_4211801520670244864_n (1)<\/h2>\n<\/li>\n<li>\n<p>        <img decoding=\"async\" src=\"\/wp-content\/uploads\/2024\/10\/69861134_939621079720349_384939849813065728_n.jpg\" alt=\"\"><\/p>\n<h2>69861134_939621079720349_384939849813065728_n<\/h2>\n<\/li>\n<li>\n<p>        <img decoding=\"async\" src=\"\/wp-content\/uploads\/2024\/10\/69934855_946209329061524_1756005818580336640_n.jpg\" alt=\"\"><\/p>\n<h2>69934855_946209329061524_1756005818580336640_n<\/h2>\n<\/li>\n<li>\n<p>        <img decoding=\"async\" src=\"\/wp-content\/uploads\/2024\/10\/70275740_954396924909431_4103896750895398912_n.jpg\" alt=\"\"><\/p>\n<h2>70275740_954396924909431_4103896750895398912_n<\/h2>\n<\/li>\n<li>\n<p>        <img decoding=\"async\" src=\"\/wp-content\/uploads\/2024\/10\/72163244_965382660477524_7038497597576708096_n.jpg\" alt=\"\"><\/p>\n<h2>72163244_965382660477524_7038497597576708096_n<\/h2>\n<\/li>\n<li>\n<p>        <img decoding=\"async\" src=\"\/wp-content\/uploads\/2024\/10\/73458654_981902105492246_6198781807027027968_n.jpg\" alt=\"\"><\/p>\n<h2>73458654_981902105492246_6198781807027027968_n<\/h2>\n<\/li>\n<li>\n<p>        <img decoding=\"async\" src=\"\/wp-content\/uploads\/2024\/10\/75550476_1000848523597604_1055182776392744960_n.jpg\" alt=\"\"><\/p>\n<h2>75550476_1000848523597604_1055182776392744960_n<\/h2>\n<\/li>\n<li>\n<p>        <img decoding=\"async\" src=\"\/wp-content\/uploads\/2024\/10\/82008741_1061402714208851_3430321930421403648_n.jpg\" alt=\"\"><\/p>\n<h2>82008741_1061402714208851_3430321930421403648_n<\/h2>\n<\/li>\n<li>\n<p>        <img decoding=\"async\" src=\"\/wp-content\/uploads\/2024\/10\/88248410_1099425753739880_4003793991077199872_n.jpg\" alt=\"\"><\/p>\n<h2>88248410_1099425753739880_4003793991077199872_n<\/h2>\n<\/li>\n<\/ul>\n<p><!--more--><br \/>\n<!-- {\"type\":\"layout\",\"children\":[{\"type\":\"section\",\"props\":{\"image_position\":\"center-center\",\"style\":\"default\",\"title_breakpoint\":\"xl\",\"title_position\":\"top-left\",\"title_rotation\":\"left\",\"vertical_align\":\"middle\",\"width\":\"default\"},\"children\":[{\"type\":\"row\",\"children\":[{\"type\":\"column\",\"props\":{\"image_position\":\"center-center\",\"position_sticky_breakpoint\":\"m\"},\"children\":[{\"type\":\"image\",\"props\":{\"image\":\"wp-content\\\/uploads\\\/2024\\\/10\\\/ConTho-Logo.svg\",\"image_alt\":\"Con Tho-Logo\",\"image_svg_color\":\"emphasis\",\"image_width\":220,\"link\":\"startseite\\\/\",\"margin\":\"default\",\"text_align\":\"center\"}},{\"type\":\"html\",\"props\":{\"content\":\"<!-- Parent-Div f\\u00fcr beide Buttons -->\\n<\/p>\n<div class=\\\"button-wrapper\\\">\\n  <a class=\\\"uk-button start-button\\\" href=\\\"https:\\\/\\\/reservations.allo.restaurant\\\/de\\\/con-tho\\\" target=\\\"_blank\\\">\\n    Reservieren\\n  <\\\/a>\\n\\n  <a class=\\\"uk-button bestell-button\\\" href=\\\"https:\\\/\\\/contho.online-karte.com\\\/contho\\\" target=\\\"_blank\\\">\\n    <svg width=\\\"25\\\" height=\\\"25\\\" viewBox=\\\"0 0 20 20\\\"><circle cx=\\\"7.3\\\" cy=\\\"17.3\\\" r=\\\"1.4\\\"><\\\/circle><circle cx=\\\"13.3\\\" cy=\\\"17.3\\\" r=\\\"1.4\\\"><\\\/circle><polyline fill=\\\"none\\\" stroke=\\\"#000\\\" points=\\\"0 2 3.2 4 5.3 12.5 16 12.5 18 6.5 8 6.5\\\"><\\\/polyline><\\\/svg> <span style=\\\"padding-left:5px;\\\">Bestellen<\\\/span>\\n  <\\\/a>\\n<\\\/div>\\n\\n\\n<\/p>\n<style>\\n\\\/* --- Basis-Wrapper --- *\\\/\\n.button-wrapper {\\n  position: fixed;\\n  bottom: 0;\\n  left: 0;\\n  width: 100%;\\n  display: flex;\\n  z-index: 999;\\n}\\n\\n\\\/* --- Buttons Mobile (Standard) --- *\\\/\\n.start-button, .bestell-button {\\n  flex: 1; \\\/* je 50% *\\\/\\n  font-family: Inconsolata;\\n  display: flex;                \\\/* sorgt f\\u00fcr zentrierten Text *\\\/\\n  align-items: center;          \\\/* vertikal zentrieren *\\\/\\n  justify-content: center;      \\\/* horizontal zentrieren *\\\/\\n  padding: 10px 0; \\n  font-size: 16px;\\n  font-weight: 500;\\n  background-color: #C4C37B;\\n  color: #000;\\n  border-top: solid 2px #000;\\n  border-left: solid 0px #000;\\n  cursor: pointer;\\n  text-decoration: none;\\n\\tborder-radius:0px !important;\\n\\t}\\t\\n\\n.start-button:first-child {\\n  border-left: none; \\\/* linker Rand sauber *\\\/\\n}\\n\\t\\n\\t.bestell-button {\\n\\t\\tbackground: #f15000;\\n\\t\\t    background: #ebc05c;\\n    \\\/* color: #fff; *\\\/\\n    border-left: solid 2px #000;\\n}\\n\\t\\n\\n\\\/* --- Desktop Ansicht --- *\\\/\\n@media only screen and (min-width: 670px) {\\n  .button-wrapper {\\n    top: 25px;\\n    right: 25px;\\n    bottom: unset;\\n    left: unset;\\n    width: auto;\\n    display: flex;\\n    gap: 10px;\\n  }\\n\\n  .start-button, .bestell-button {\\n\\tpadding: 12px 0;\\n    width: 170px;\\n    height: 40px;\\n    padding: 0;                  \\\/* kein Padding n\\u00f6tig, Flexbox regelt *\\\/\\n    font-size: 16px;\\n    border: solid 2px #000 !important;\\n    border-radius: 55px !important;\\n    transition: 0.3s ease-in-out;\\n  }\\n\\n  .start-button:hover, .bestell-button:hover {\\n    transform: scale(1.07);\\n\\t  color:#000;\\n  }\\n}\\n\\n\\t\\n\\t\\n<\\\/style>\\n\",\"content_en_us\":\"  <!-- Der animierte Button -->\\n    <a class=\\\"uk-button start-button\\\" href=\\\"#modal-center\\\" uk-toggle>\\n      Reservation\\n    <\\\/a>\\n\\n<\/p>\n<div id=\\\"modal-center\\\" class=\\\"uk-flex-top\\\" uk-modal>\\n    <\/p>\n<div class=\\\"uk-modal-dialog uk-modal-body uk-margin-auto-vertical\\\">\\n\\n        <button class=\\\"uk-modal-close-default\\\" type=\\\"button\\\" uk-close><\\\/button>\\n<\/p>\n<h2 style=\\\"color:#000;\\\">Reservation<\\\/h2>\\n        <\/p>\n<p><\\\/p>\\n\\n    <\\\/div>\\n<\\\/div>\\n\\n<\/p>\n<style>  \\n    .start-button {\\n  position: fixed;\\n  font-family: Inconsolata;\\n  bottom: 0px;\\n  left: 50%;\\n  transform: translate(-50%, 0%);\\n  padding: 10px 0 !important;\\n  width: 100%;\\n  background-color: #C4C37B;\\n  border-radius:0px;\\n  color: #000;\\n  border:solid 1.5px #000;\\n  text-align: center;\\n  cursor: pointer;\\n  opacity: 1;\\n  z-index: 999;\\n  font-size:18px;\\n  padding:15px;\\n  font-weight:500;\\n  border:unset;\\n  border-top:solid 2px #000;  \\n}\\n\\n     @media only screen and (min-width: 600px) {\\n        .start-button {\\n        top:25px;\\n\\t\\tright:25px;\\n\\t\\tleft:unset;\\n\\t\\twidth:170px;\\n\\t\\ttransform: translate(0%, 0%);\\n\\t\\tposition:fixed;\\n\\t\\t  padding: 10px 0 !important;\\nheight:40px;\\n            color:#000;\\nline-height:17px;\\n       border:solid 2px #000 !important;\\nborder-radius:55px;\\n            transition:0.3s ease-in-out\\n}\\n         \\n         .start-button:hover {\\n         transform:scale(1.07);\\n\\t\\ttransition:0.3s ease-in-out\\n         }\\n    }\\n\\n\\n<\\\/style>\\n\"},\"name\":\"Button-Reservieren-Mobil - 07042025\"},{\"type\":\"subnav\",\"props\":{\"css\":\".el-link {\\ncolor:#5a544a;\\n}\",\"margin\":\"medium\",\"text_align\":\"center\",\"visibility\":\"m\"},\"children\":[{\"type\":\"subnav_item\",\"props\":{\"content\":\"START\",\"content_en_us\":\"START\",\"link\":\"startseite\\\/\",\"link_en_us\":\"en\\\/startseite\\\/\"}},{\"type\":\"subnav_item\",\"props\":{\"content\":\"SPEISEKARTE\",\"content_en_us\":\"MENU\",\"link\":\"https:\\\/\\\/www.speisekarte.de\\\/berlin\\\/restaurant\\\/con_tho\\\/speisekarte\",\"status\":\"disabled\"}},{\"type\":\"subnav_item\",\"props\":{\"content\":\"IMPRESSIONEN\",\"content_en_us\":\"IMPRESSIONS\",\"link\":\"impressionen\\\/\",\"link_en_us\":\"en\\\/impressionen\\\/\"}},{\"type\":\"subnav_item\",\"props\":{\"content\":\"GUTSCHEIN\",\"link\":\"#\",\"status\":\"disabled\"}},{\"type\":\"subnav_item\",\"props\":{\"content\":\"KONTAKT\",\"content_en_us\":\"CONTACT\",\"link\":\"kontakt\\\/\",\"link_en_us\":\"en\\\/kontakt\\\/\"}}]}]}]}],\"name\":\"Logo + menu - 07042025\"},{\"type\":\"section\",\"props\":{\"css\":\"@media only screen and (min-width: 600px) {\\n    .el-section {\\n \\tpadding-bottom:150px;   \\n    }\\n}\",\"image_position\":\"center-center\",\"style\":\"default\",\"title_breakpoint\":\"xl\",\"title_position\":\"top-left\",\"title_rotation\":\"left\",\"vertical_align\":\"middle\",\"width\":\"default\"},\"children\":[{\"type\":\"row\",\"props\":{\"column_gap\":\"large\"},\"children\":[{\"type\":\"column\",\"props\":{\"image_position\":\"center-center\",\"position_sticky_breakpoint\":\"m\"},\"children\":[{\"type\":\"headline\",\"props\":{\"content\":\"Impressionen\",\"content_en_us\":\"Impressions\",\"css\":\".el-element {\\nmargin-top:10px;\\n}\\n\\n@media only screen and (min-width: 1150px) {\\n  .el-element {\\nfont-size:50px !important;\\nline-height:60px;\\ncolor:#000;\\nmargin-top:10px;\\n}\\n}\",\"text_align\":\"center\",\"title_element\":\"h2\"}},{\"type\":\"text\",\"props\":{\"column_breakpoint\":\"m\",\"content\":\"<\/p>\n<p>Hier finden Sie eine bunte Auswahl an Eindr\\u00fccken unserer R\\u00e4umlichkeiten. Genie\\u00dfen Sie unsere Speisen und Getr\\u00e4nke entweder in- oder outdoor.<\\\/p>\",\"content_en_us\":\"<\/p>\n<p>Here you will find a colorful selection of impressions of our premises. Enjoy our food and drinks either indoors or outdoors.<\\\/p>\",\"css\":\".el-element {\\nmax-width:450px;\\nmargin:0 auto;\\n}\",\"margin\":\"default\",\"text_align\":\"center\"}},{\"name\":\"Gallery Masonry\",\"type\":\"gallery\",\"children\":[{\"type\":\"gallery_item\",\"props\":{\"image\":\"wp-content\\\/uploads\\\/2024\\\/10\\\/76638822_1002645986751191_5729202097568612352_n.jpg\",\"title\":\"76638822_1002645986751191_5729202097568612352_n\"}},{\"type\":\"gallery_item\",\"props\":{\"image\":\"wp-content\\\/uploads\\\/2024\\\/10\\\/83621482_1069097950105994_6333333808036708352_n.jpg\",\"title\":\"83621482_1069097950105994_6333333808036708352_n\"}},{\"type\":\"gallery_item\",\"props\":{\"image\":\"wp-content\\\/uploads\\\/2024\\\/10\\\/71340475_950521325296991_2961166855789608960_n.jpg\",\"title\":\"71340475_950521325296991_2961166855789608960_n\"}},{\"type\":\"gallery_item\",\"props\":{\"image\":\"wp-content\\\/uploads\\\/2024\\\/10\\\/18010407_444415999240862_3393566960306539802_n.jpg\",\"title\":\"18010407_444415999240862_3393566960306539802_n\"}},{\"type\":\"gallery_item\",\"props\":{\"image\":\"wp-content\\\/uploads\\\/2024\\\/10\\\/22048032_517761198573008_7247921866390332642_o.jpg\",\"title\":\"22048032_517761198573008_7247921866390332642_o\"}},{\"type\":\"gallery_item\",\"props\":{\"image\":\"wp-content\\\/uploads\\\/2024\\\/10\\\/con-tho-restaurant-berlin-einrichtung-5.jpg\",\"title\":\"con-tho-restaurant-berlin-einrichtung-5\"}},{\"type\":\"gallery_item\",\"props\":{\"image\":\"wp-content\\\/uploads\\\/2024\\\/10\\\/Con_Tho_Foto_visumate_DL_PPT_0.jpg.webp\",\"title\":\"Con_Tho_Foto_visumate_DL_PPT_0.jpg\"}},{\"type\":\"gallery_item\",\"props\":{\"image\":\"wp-content\\\/uploads\\\/2024\\\/10\\\/437553507_884325560371738_8763412767929931877_n.jpg\",\"title\":\"437553507_884325560371738_8763412767929931877_n\"}},{\"type\":\"gallery_item\",\"props\":{\"image\":\"wp-content\\\/uploads\\\/2024\\\/10\\\/20525307_493861920962936_3975504735139887498_n.jpg\",\"title\":\"20525307_493861920962936_3975504735139887498_n\"}},{\"type\":\"gallery_item\",\"props\":{\"image\":\"wp-content\\\/uploads\\\/2024\\\/10\\\/20729207_497317157284079_3653942479097244288_n.jpg\",\"title\":\"20729207_497317157284079_3653942479097244288_n\"}},{\"type\":\"gallery_item\",\"props\":{\"image\":\"wp-content\\\/uploads\\\/2024\\\/10\\\/23561476_538181336530994_7692782552939313620_n.jpg\",\"title\":\"23561476_538181336530994_7692782552939313620_n\"}},{\"type\":\"gallery_item\",\"props\":{\"image\":\"wp-content\\\/uploads\\\/2024\\\/10\\\/41983113_722030664812726_2569629858900475904_n.jpg\",\"title\":\"41983113_722030664812726_2569629858900475904_n\"}},{\"type\":\"gallery_item\",\"props\":{\"image\":\"wp-content\\\/uploads\\\/2024\\\/10\\\/48382003_773818992967226_3349321570228109312_n.jpg\",\"title\":\"48382003_773818992967226_3349321570228109312_n\"}},{\"type\":\"gallery_item\",\"props\":{\"image\":\"wp-content\\\/uploads\\\/2024\\\/10\\\/50524938_795766717439120_5317907813031215104_n.jpg\",\"title\":\"50524938_795766717439120_5317907813031215104_n\"}},{\"type\":\"gallery_item\",\"props\":{\"image\":\"wp-content\\\/uploads\\\/2024\\\/10\\\/52601866_816249775390814_1366913744709353472_n.jpg\",\"title\":\"52601866_816249775390814_1366913744709353472_n\"}},{\"type\":\"gallery_item\",\"props\":{\"image\":\"wp-content\\\/uploads\\\/2024\\\/10\\\/53836717_826164711065987_7952738178882863104_n.jpg\",\"title\":\"53836717_826164711065987_7952738178882863104_n\"}},{\"type\":\"gallery_item\",\"props\":{\"image\":\"wp-content\\\/uploads\\\/2024\\\/10\\\/57358200_850762631939528_5006484123854831616_n.jpg\",\"title\":\"57358200_850762631939528_5006484123854831616_n\"}},{\"type\":\"gallery_item\",\"props\":{\"image\":\"wp-content\\\/uploads\\\/2024\\\/10\\\/68758147_936396046709519_2690271697788993536_n.jpg\",\"title\":\"68758147_936396046709519_2690271697788993536_n\"}},{\"type\":\"gallery_item\",\"props\":{\"image\":\"wp-content\\\/uploads\\\/2024\\\/10\\\/69134995_935045383511252_4262792128322600960_n.jpg\",\"title\":\"69134995_935045383511252_4262792128322600960_n\"}},{\"type\":\"gallery_item\",\"props\":{\"image\":\"wp-content\\\/uploads\\\/2024\\\/10\\\/69585549_938504879831969_4211801520670244864_n-1.jpg\",\"title\":\"69585549_938504879831969_4211801520670244864_n (1)\"}},{\"type\":\"gallery_item\",\"props\":{\"image\":\"wp-content\\\/uploads\\\/2024\\\/10\\\/69861134_939621079720349_384939849813065728_n.jpg\",\"title\":\"69861134_939621079720349_384939849813065728_n\"}},{\"type\":\"gallery_item\",\"props\":{\"image\":\"wp-content\\\/uploads\\\/2024\\\/10\\\/69934855_946209329061524_1756005818580336640_n.jpg\",\"title\":\"69934855_946209329061524_1756005818580336640_n\"}},{\"type\":\"gallery_item\",\"props\":{\"image\":\"wp-content\\\/uploads\\\/2024\\\/10\\\/70275740_954396924909431_4103896750895398912_n.jpg\",\"title\":\"70275740_954396924909431_4103896750895398912_n\"}},{\"type\":\"gallery_item\",\"props\":{\"image\":\"wp-content\\\/uploads\\\/2024\\\/10\\\/72163244_965382660477524_7038497597576708096_n.jpg\",\"title\":\"72163244_965382660477524_7038497597576708096_n\"}},{\"type\":\"gallery_item\",\"props\":{\"image\":\"wp-content\\\/uploads\\\/2024\\\/10\\\/73458654_981902105492246_6198781807027027968_n.jpg\",\"title\":\"73458654_981902105492246_6198781807027027968_n\"}},{\"type\":\"gallery_item\",\"props\":{\"image\":\"wp-content\\\/uploads\\\/2024\\\/10\\\/75550476_1000848523597604_1055182776392744960_n.jpg\",\"title\":\"75550476_1000848523597604_1055182776392744960_n\"}},{\"type\":\"gallery_item\",\"props\":{\"image\":\"wp-content\\\/uploads\\\/2024\\\/10\\\/82008741_1061402714208851_3430321930421403648_n.jpg\",\"title\":\"82008741_1061402714208851_3430321930421403648_n\"}},{\"type\":\"gallery_item\",\"props\":{\"image\":\"wp-content\\\/uploads\\\/2024\\\/10\\\/88248410_1099425753739880_4003793991077199872_n.jpg\",\"title\":\"88248410_1099425753739880_4003793991077199872_n\"}}],\"props\":{\"blend\":false,\"filter\":false,\"filter_align\":\"center\",\"filter_all\":true,\"filter_grid_breakpoint\":\"m\",\"filter_grid_width\":\"auto\",\"filter_margin\":\"large\",\"filter_position\":\"top\",\"filter_style\":\"subnav\",\"grid_column_gap\":\"small\",\"grid_default\":\"2\",\"grid_masonry\":\"next\",\"grid_medium\":\"4\",\"grid_row_gap\":\"small\",\"grid_small\":\"2\",\"image_transition\":\"scale-up\",\"image_width\":\"610\",\"item_animation\":true,\"lightbox\":true,\"lightbox_bg_close\":true,\"link_style\":\"default\",\"link_text\":\"\",\"margin\":\"medium\",\"meta_align\":\"above-title\",\"meta_element\":\"div\",\"meta_style\":\"text-meta\",\"overlay_hover\":true,\"overlay_link\":true,\"overlay_mode\":\"caption\",\"overlay_position\":\"bottom\",\"overlay_style\":\"overlay-default\",\"overlay_transition\":\"slide-bottom-small\",\"parallax_easing\":\"1\",\"show_content\":true,\"show_hover_image\":true,\"show_hover_video\":true,\"show_link\":true,\"show_meta\":true,\"show_title\":false,\"text_align\":\"\",\"text_color\":\"\",\"title_element\":\"h2\",\"title_hover_style\":\"reset\",\"title_margin\":\"small\",\"title_style\":\"h4\"}}]}]}],\"name\":\"2-column-1\"}],\"version\":\"4.5.7\"} --><\/p>\n","protected":false},"excerpt":{"rendered":"<p>Reservieren Bestellen START IMPRESSIONEN KONTAKT Impressionen Hier finden Sie eine bunte Auswahl an Eindr\u00fccken unserer R\u00e4umlichkeiten. Genie\u00dfen Sie unsere Speisen und Getr\u00e4nke entweder in- oder outdoor. 76638822_1002645986751191_5729202097568612352_n 83621482_1069097950105994_6333333808036708352_n 71340475_950521325296991_2961166855789608960_n 18010407_444415999240862_3393566960306539802_n 22048032_517761198573008_7247921866390332642_o con-tho-restaurant-berlin-einrichtung-5 Con_Tho_Foto_visumate_DL_PPT_0.jpg 437553507_884325560371738_8763412767929931877_n 20525307_493861920962936_3975504735139887498_n 20729207_497317157284079_3653942479097244288_n 23561476_538181336530994_7692782552939313620_n 41983113_722030664812726_2569629858900475904_n 48382003_773818992967226_3349321570228109312_n 50524938_795766717439120_5317907813031215104_n 52601866_816249775390814_1366913744709353472_n 53836717_826164711065987_7952738178882863104_n 57358200_850762631939528_5006484123854831616_n 68758147_936396046709519_2690271697788993536_n 69134995_935045383511252_4262792128322600960_n 69585549_938504879831969_4211801520670244864_n (1) 69861134_939621079720349_384939849813065728_n 69934855_946209329061524_1756005818580336640_n 70275740_954396924909431_4103896750895398912_n 72163244_965382660477524_7038497597576708096_n 73458654_981902105492246_6198781807027027968_n 75550476_1000848523597604_1055182776392744960_n 82008741_1061402714208851_3430321930421403648_n 88248410_1099425753739880_4003793991077199872_n [&hellip;]<\/p>\n","protected":false},"author":1,"featured_media":0,"parent":0,"menu_order":0,"comment_status":"closed","ping_status":"closed","template":"","meta":{"footnotes":""},"class_list":["post-196","page","type-page","status-publish","hentry"],"_links":{"self":[{"href":"https:\/\/con-tho.de\/en\/wp-json\/wp\/v2\/pages\/196","targetHints":{"allow":["GET"]}}],"collection":[{"href":"https:\/\/con-tho.de\/en\/wp-json\/wp\/v2\/pages"}],"about":[{"href":"https:\/\/con-tho.de\/en\/wp-json\/wp\/v2\/types\/page"}],"author":[{"embeddable":true,"href":"https:\/\/con-tho.de\/en\/wp-json\/wp\/v2\/users\/1"}],"replies":[{"embeddable":true,"href":"https:\/\/con-tho.de\/en\/wp-json\/wp\/v2\/comments?post=196"}],"version-history":[{"count":26,"href":"https:\/\/con-tho.de\/en\/wp-json\/wp\/v2\/pages\/196\/revisions"}],"predecessor-version":[{"id":508,"href":"https:\/\/con-tho.de\/en\/wp-json\/wp\/v2\/pages\/196\/revisions\/508"}],"wp:attachment":[{"href":"https:\/\/con-tho.de\/en\/wp-json\/wp\/v2\/media?parent=196"}],"curies":[{"name":"wp","href":"https:\/\/api.w.org\/{rel}","templated":true}]}}